{"id":10558,"date":"2023-03-24T12:35:12","date_gmt":"2023-03-24T12:35:12","guid":{"rendered":"https:\/\/www.binnacledata.com\/?page_id=10558"},"modified":"2023-08-07T10:29:55","modified_gmt":"2023-08-07T10:29:55","slug":"cookies-2","status":"publish","type":"page","link":"https:\/\/www.boostic.cloud\/es\/cookies-2\/","title":{"rendered":"Pol\u00edtica de cookies"},"content":{"rendered":"\n<p>BINNACLE, tiene la obligaci\u00f3n legal de informar y obtener el consentimiento del interesado acerca del uso de las cookies en la navegaci\u00f3n por https:\/\/www.boostic.cloud. En cumplimiento con el deber de informaci\u00f3n recogido en el art\u00edculo 22. 2 de la Ley 34\/2002, de 11 de julio, de servicios de la sociedad de la informaci\u00f3n y de comercio electr\u00f3nico, la presente pol\u00edtica de cookies tiene como finalidad informar de manera clara y precisa acerca de las cookies utilizadas en la web de BINNACLE (<a href=\"https:\/\/www.boostic.cloud\/es\/\">https:\/\/www.boostic.cloud<\/a>) y de c\u00f3mo pueden gestionarse.<\/p>\n\n\n\n<p>A continuaci\u00f3n, se facilita informaci\u00f3n detallada sobre las cookies empleadas en esta p\u00e1gina web, sus caracter\u00edsticas, finalidades y la forma de deshabilitarlas. BINNACLE puede modificar esta Pol\u00edtica de Cookies en funci\u00f3n de exigencias legislativas, reglamentarias, o con la finalidad de adaptar dicha pol\u00edtica a las instrucciones dictadas por la Agencia Espa\u00f1ola de Protecci\u00f3n de Datos, por ello se aconseja a los Usuarios que la visiten peri\u00f3dicamente.<\/p>\n\n\n\n<h2 class=\"wp-block-heading\"><strong>\u00bfQu\u00e9 son las Cookies?<\/strong><\/h2>\n\n\n\n<p>Las cookies son archivos o programas inform\u00e1ticos \u2013 ficheros de tama\u00f1o peque\u00f1o, enviados a un navegador por medio de un servidor web que almacenan informaci\u00f3n en el equipo del usuario, al acceder o navegar por un sitio web, y que permiten que se acceda a \u00e9sta tras su instalaci\u00f3n. Adem\u00e1s, pueden contener informaci\u00f3n sobre los h\u00e1bitos de navegaci\u00f3n de los usuarios o del equipo donde se instalan, o incluso utilizarse para reconocer al usuario y mejorar su experiencia.<\/p>\n\n\n\n<p>BINNACLE utiliza los siguientes tipos de cookies:<\/p>\n\n\n\n<p class=\"has-medium-font-size\"><strong>TIPOS DE COOKIES<\/strong><\/p>\n\n\n\n<p class=\"has-medium-font-size\"><strong>Propias<\/strong><\/p>\n\n\n\n<figure class=\"wp-block-table\" style=\"font-size:15px\"><table><thead><tr><th class=\"has-text-align-center\" data-align=\"center\">Nombre<\/th><th>Finalidad<\/th><th>Descripci\u00f3n<\/th><th>Duraci\u00f3n<\/th><\/tr><\/thead><tbody><tr><td class=\"has-text-align-center\" data-align=\"center\"><em>auth0.*<\/em><\/td><td>Esencial<\/td><td>Utilizada por el sistema de autenticaci\u00f3n de usuarios para mantener la sesi\u00f3n de los usuarios abierta (durante un tiempo) una vez autenticados.<\/td><td>1 d\u00eda<\/td><\/tr><tr><td class=\"has-text-align-center\" data-align=\"center\"><em>moove_gdpr_popup<\/em><\/td><td>Esencial<\/td><td>Controla la aceptaci\u00f3n o bloqueo de los scripts de las cookies no funcionales de terceros.<\/td><td>1 semana<\/td><\/tr><\/tbody><\/table><figcaption class=\"wp-element-caption\"><br><\/figcaption><\/figure>\n\n\n\n<p><\/p>\n\n\n\n<p class=\"has-medium-font-size\"><strong>De terceros<\/strong><\/p>\n\n\n\n<figure class=\"wp-block-table\" style=\"font-size:15px\"><table><thead><tr><th class=\"has-text-align-center\" data-align=\"center\">Nombre<\/th><th>Finalidad<\/th><th>Descripci\u00f3n<\/th><th>Duraci\u00f3n<\/th><\/tr><\/thead><tbody><tr><td class=\"has-text-align-center\" data-align=\"center\"><em>YSC<\/em><\/td><td>Anal\u00edtica<\/td><td>Youtube. Mide las reproducciones de videos realizadas por el usuario y registra los eventos de \u201cMe gusta\u201d o \u201cCompartir video\u201d.<\/td><td>Sesi\u00f3n<\/td><\/tr><tr><td class=\"has-text-align-center\" data-align=\"center\"><em>VISITOR_INFO1_LIVE<\/em><\/td><td>Anal\u00edtica<\/td><td>Youtube. Realiza el seguimiento de los videos visitados que se encuentran incrustados en la web.<\/td><td>240 d\u00edas<\/td><\/tr><tr><td class=\"has-text-align-center\" data-align=\"center\"><em>did<\/em><\/td><td>Seguridad<\/td><td>Auth0. Identificaci\u00f3n de dispositivo para protecci\u00f3n ante ataques.<\/td><td>240 d\u00edas<\/td><\/tr><tr><td class=\"has-text-align-center\" data-align=\"center\"><em>did_compat<\/em><\/td><td>Seguridad<\/td><td>Auth0. Cookie de respaldo para la detecci\u00f3n de anomal\u00edas en navegadores que no admiten el atributo sameSite=None.<\/td><td>240 d\u00edas<\/td><\/tr><tr><td class=\"has-text-align-center\" data-align=\"center\"><em>auth0<\/em><\/td><td>Esencial<\/td><td>Auth0. Utilizada por el sistema de autenticaci\u00f3n de usuarios para mantener la sesi\u00f3n de los usuarios abierta (durante un tiempo) una vez autenticados.<\/td><td>3 d\u00edas<\/td><\/tr><tr><td class=\"has-text-align-center\" data-align=\"center\"><em>auth0_compat<\/em><\/td><td>Esencial<\/td><td>Auth0. Cookie alternativa para el inicio de sesi\u00f3n \u00fanico en navegadores que no admiten el atributo sameSite=None.<\/td><td>3 d\u00edas<\/td><\/tr><tr><td class=\"has-text-align-center\" data-align=\"center\"><em>__cf_bm<\/em><\/td><td>Seguridad<\/td><td>CloudFare. Leer y filtrar solicitudes de bots.<\/td><td>30 minutos<\/td><\/tr><\/tbody><\/table><figcaption class=\"wp-element-caption\"><br><\/figcaption><\/figure>\n\n\n\n<h2 class=\"wp-block-heading\"><strong>Consentimiento<\/strong><\/h2>\n\n\n\n<p>Al pulsar en el bot\u00f3n \u201cAceptar todas\u201d del mencionado banner inicial de aviso, al fondo de la p\u00e1gina, consientes el uso de las cookies descritas en las condiciones expresadas, tambi\u00e9n e incluye el bot\u00f3n \u201cAjustes\u201d o la opci\u00f3n de \u201cConfiguraci\u00f3n\u201d para no aceptarlas de entrada y poder acudir a los ajustes de configuraci\u00f3n. De este modo, se puede personalizar el consentimiento ya que estas opciones redirigen a unas pesta\u00f1as donde se encontrar\u00e1 la descripci\u00f3n y enumeraci\u00f3n concreta de todas las cookies clasificadas por categor\u00edas. Una vez dentro de esta pesta\u00f1a se podr\u00e1 optar por \u201cHabilitar todas\u201d o por seleccionar la habilitaci\u00f3n de las siguientes: \u201cCookies estrictamente necesarias\u201d, \u201cCookies de anal\u00edtica\u201d y \u201cCookies de publicidad\u201d. Se pone a disposici\u00f3n del usuario tambi\u00e9n, el acceso a la Pol\u00edtica de Cookies.<\/p>\n\n\n\n<p>Si el interesado no realiza ninguna de las acciones anteriores, se entiende que no consiente la instalaci\u00f3n de dichas cookies no necesarias y, por tanto, no se deber\u00edan instalar. Aunque se hacen los mayores esfuerzos para que ello sea as\u00ed, es posible que se instale alguna cookie fuera de nuestro conocimiento o control. Si ello fuera as\u00ed, rogamos nos disculpes y te rogamos que lo pongas en nuestro conocimiento a trav\u00e9s nuestra secci\u00f3n de contacto a fin de corregir este hecho en el menor plazo posible.<\/p>\n\n\n\n<h2 class=\"wp-block-heading\"><strong>Modificar la configuraci\u00f3n de las cookies<\/strong><\/h2>\n\n\n\n<p>Puedes restringir, bloquear o eliminar las cookies instaladas en tu equipo mediante la configuraci\u00f3n de las opciones del navegador instalado en tu ordenador:<\/p>\n\n\n\n<ul class=\"wp-block-list\">\n<li>Internet Explorer:&nbsp; <a href=\"https:\/\/support.microsoft.com\/es-es\/windows\/eliminar-y-administrar-cookies-168dab11-0753-043d-7c16-ede5947fc64d#ie=%22ie-10%22\" target=\"_blank\" rel=\"noreferrer noopener nofollow\">windows.microsoft.com\/es-xl\/internet-explorer\/delete-manage-cookies#ie=\u00bbie-10&#8243;<\/a><\/li>\n\n\n\n<li>FireFox:<a href=\"https:\/\/support.mozilla.org\/es\/kb\/Borrar%20cookies\" target=\"_blank\" rel=\"noreferrer noopener nofollow\">&nbsp;support.mozilla.org\/es\/kb\/Borrar%20cookies<\/a><\/li>\n\n\n\n<li>Chrome:&nbsp;<a href=\"https:\/\/support.google.com\/chrome\/answer\/95647?hl=%22es%22\" target=\"_blank\" rel=\"noreferrer noopener nofollow\">support.google.com\/chrome\/answer\/95647?hl=\u00bbes\u00bb<\/a><\/li>\n\n\n\n<li>Safari:&nbsp;<a href=\"http:\/\/www.apple.com\/es\/privacy\/use-of-cookies\/\" target=\"_blank\" rel=\"noreferrer noopener nofollow\">www.apple.com\/es\/privacy\/use-of-cookies\/<\/a><\/li>\n<\/ul>\n\n\n\n<p>De no aceptar no se introducir\u00e1 ninguna cookie y no te impedir\u00e1 navegar por la p\u00e1gina web, aunque dicha navegaci\u00f3n no podr\u00e1 disfrutar de las funcionalidades que requieran la instalaci\u00f3n de alguna de ellas, en concreto, las funcionalidades indicadas en las cookies propias.<\/p>\n\n\n\n<p><u><strong>ENLACES A OTROS SITIOS DE INTERNET<\/strong><\/u><\/p>\n\n\n\n<p>Este sitio web puede contener enlaces o hiperv\u00ednculos que conducen a otras p\u00e1ginas web gestionadas por terceros ajenos a nuestra organizaci\u00f3n. As\u00ed, pues, BINNACLE no puede garantizar el contenido o las informaciones que se recojan en dichas p\u00e1ginas web mencionadas, ni su veracidad o actualizaci\u00f3n y, en consecuencia, BINNACLE queda eximida de cualquier responsabilidad por da\u00f1os y perjuicios de todo tipo que puedan derivarse de la utilizaci\u00f3n de p\u00e1ginas web ajenas a <a href=\"https:\/\/www.boostic.cloud\/es\/\">https:\/\/www.boostic.cloud<\/a>.<\/p>\n\n\n\n<p><u><strong>LEY APLICABLE Y JURISDICCI\u00d3N<\/strong><\/u><\/p>\n\n\n\n<p>Para la resoluci\u00f3n de todas las controversias o cuestiones relacionadas con el presente sitio web o de las actividades en \u00e9l desarrolladas, ser\u00e1 de aplicaci\u00f3n la legislaci\u00f3n espa\u00f1ola, a la que se someten expresamente las partes, siendo competentes para la resoluci\u00f3n de los conflictos derivados o relacionados con su uso los Juzgados y Tribunales de OURENSE, salvo para en caso de aplicaci\u00f3n de la normativa espec\u00edfica en materia de protecci\u00f3n de consumidores y usuarios.<\/p>\n\n\n\n<h2 class=\"wp-block-heading\"><strong>Idioma Del Compendio De Cl\u00e1usulas<\/strong><\/h2>\n\n\n\n<p>El clausulado que aqu\u00ed se recoge se ha desarrollado y configurado en espa\u00f1ol, por lo que, en caso de que se traduzca a cualquier otro idioma, el espa\u00f1ol prevalecer\u00e1 sobre los dem\u00e1s en caso de disputa, ya que es la forma original en la cual se ha redactado el compendio de cl\u00e1usulas.<\/p>\n\n\n\n<p>Puede consultar la Pol\u00edtica de Cookies en su versi\u00f3n original en espa\u00f1ol en el siguiente enlace: <a href=\"https:\/\/www.boostic.cloud\/es\/cookies\/\">https:\/\/www.boostic.cloud\/es\/cookies\/<\/a><\/p>\n\n\n\n<p><\/p>\n","protected":false},"excerpt":{"rendered":"<p>BINNACLE, tiene la obligaci\u00f3n legal de informar y obtener el consentimiento del interesado acerca del uso de las cookies en la navegaci\u00f3n por https:\/\/www.boostic.cloud. En cumplimiento con el deber de informaci\u00f3n recogido en el art\u00edculo 22. 2 de la Ley 34\/2002, de 11 de julio, de servicios de la sociedad de la informaci\u00f3n y de [&hellip;]<\/p>\n","protected":false},"author":1,"featured_media":0,"parent":0,"menu_order":0,"comment_status":"closed","ping_status":"closed","template":"","meta":{"_acf_changed":false,"footnotes":""},"class_list":["post-10558","page","type-page","status-publish","hentry"],"acf":[],"yoast_head":"<!-- This site is optimized with the Yoast SEO plugin v26.2 - https:\/\/yoast.com\/wordpress\/plugins\/seo\/ -->\n<title>Pol\u00edtica de cookies | Boostic<\/title>\n<meta name=\"robots\" content=\"noindex, follow\" \/>\n<meta property=\"og:locale\" content=\"es_ES\" \/>\n<meta property=\"og:type\" content=\"article\" \/>\n<meta property=\"og:title\" content=\"Pol\u00edtica de cookies | Boostic\" \/>\n<meta property=\"og:description\" content=\"BINNACLE, tiene la obligaci\u00f3n legal de informar y obtener el consentimiento del interesado acerca del uso de las cookies en la navegaci\u00f3n por https:\/\/www.boostic.cloud. En cumplimiento con el deber de informaci\u00f3n recogido en el art\u00edculo 22. 2 de la Ley 34\/2002, de 11 de julio, de servicios de la sociedad de la informaci\u00f3n y de [&hellip;]\" \/>\n<meta property=\"og:url\" content=\"https:\/\/www.boostic.cloud\/es\/cookies-2\/\" \/>\n<meta property=\"og:site_name\" content=\"Boostic\" \/>\n<meta property=\"article:modified_time\" content=\"2023-08-07T10:29:55+00:00\" \/>\n<meta property=\"og:image\" content=\"https:\/\/www.boostic.cloud\/wp-content\/uploads\/2025\/01\/logo-boosticCloud.png\" \/>\n\t<meta property=\"og:image:width\" content=\"1920\" \/>\n\t<meta property=\"og:image:height\" content=\"333\" \/>\n\t<meta property=\"og:image:type\" content=\"image\/png\" \/>\n<meta name=\"twitter:card\" content=\"summary_large_image\" \/>\n<meta name=\"twitter:label1\" content=\"Tiempo de lectura\" \/>\n\t<meta name=\"twitter:data1\" content=\"5 minutos\" \/>\n<script type=\"application\/ld+json\" class=\"yoast-schema-graph\">{\"@context\":\"https:\/\/schema.org\",\"@graph\":[{\"@type\":\"WebPage\",\"@id\":\"https:\/\/www.boostic.cloud\/es\/cookies-2\/\",\"url\":\"https:\/\/www.boostic.cloud\/es\/cookies-2\/\",\"name\":\"Pol\u00edtica de cookies | Boostic\",\"isPartOf\":{\"@id\":\"https:\/\/www.boostic.cloud\/es\/#website\"},\"datePublished\":\"2023-03-24T12:35:12+00:00\",\"dateModified\":\"2023-08-07T10:29:55+00:00\",\"breadcrumb\":{\"@id\":\"https:\/\/www.boostic.cloud\/es\/cookies-2\/#breadcrumb\"},\"inLanguage\":\"es\",\"potentialAction\":[{\"@type\":\"ReadAction\",\"target\":[\"https:\/\/www.boostic.cloud\/es\/cookies-2\/\"]}]},{\"@type\":\"BreadcrumbList\",\"@id\":\"https:\/\/www.boostic.cloud\/es\/cookies-2\/#breadcrumb\",\"itemListElement\":[{\"@type\":\"ListItem\",\"position\":1,\"name\":\"Inicio\",\"item\":\"https:\/\/www.boostic.cloud\/es\/\"},{\"@type\":\"ListItem\",\"position\":2,\"name\":\"Pol\u00edtica de cookies\"}]},{\"@type\":\"WebSite\",\"@id\":\"https:\/\/www.boostic.cloud\/es\/#website\",\"url\":\"https:\/\/www.boostic.cloud\/es\/\",\"name\":\"Boostic.cloud\",\"description\":\"\",\"publisher\":{\"@id\":\"https:\/\/www.boostic.cloud\/es\/#organization\"},\"alternateName\":\"Boostic\",\"potentialAction\":[{\"@type\":\"SearchAction\",\"target\":{\"@type\":\"EntryPoint\",\"urlTemplate\":\"https:\/\/www.boostic.cloud\/es\/?s={search_term_string}\"},\"query-input\":{\"@type\":\"PropertyValueSpecification\",\"valueRequired\":true,\"valueName\":\"search_term_string\"}}],\"inLanguage\":\"es\"},{\"@type\":\"Organization\",\"@id\":\"https:\/\/www.boostic.cloud\/es\/#organization\",\"name\":\"Boostic.cloud\",\"alternateName\":\"Boostic\",\"url\":\"https:\/\/www.boostic.cloud\/es\/\",\"logo\":{\"@type\":\"ImageObject\",\"inLanguage\":\"es\",\"@id\":\"https:\/\/www.boostic.cloud\/es\/#\/schema\/logo\/image\/\",\"url\":\"https:\/\/www.boostic.cloud\/wp-content\/uploads\/2025\/01\/logo-boosticCloud.png\",\"contentUrl\":\"https:\/\/www.boostic.cloud\/wp-content\/uploads\/2025\/01\/logo-boosticCloud.png\",\"width\":1920,\"height\":333,\"caption\":\"Boostic.cloud\"},\"image\":{\"@id\":\"https:\/\/www.boostic.cloud\/es\/#\/schema\/logo\/image\/\"}}]}<\/script>\n<!-- \/ Yoast SEO plugin. -->","yoast_head_json":{"title":"Pol\u00edtica de cookies | Boostic","robots":{"index":"noindex","follow":"follow"},"og_locale":"es_ES","og_type":"article","og_title":"Pol\u00edtica de cookies | Boostic","og_description":"BINNACLE, tiene la obligaci\u00f3n legal de informar y obtener el consentimiento del interesado acerca del uso de las cookies en la navegaci\u00f3n por https:\/\/www.boostic.cloud. En cumplimiento con el deber de informaci\u00f3n recogido en el art\u00edculo 22. 2 de la Ley 34\/2002, de 11 de julio, de servicios de la sociedad de la informaci\u00f3n y de [&hellip;]","og_url":"https:\/\/www.boostic.cloud\/es\/cookies-2\/","og_site_name":"Boostic","article_modified_time":"2023-08-07T10:29:55+00:00","og_image":[{"width":1920,"height":333,"url":"https:\/\/www.boostic.cloud\/wp-content\/uploads\/2025\/01\/logo-boosticCloud.png","type":"image\/png"}],"twitter_card":"summary_large_image","twitter_misc":{"Tiempo de lectura":"5 minutos"},"schema":{"@context":"https:\/\/schema.org","@graph":[{"@type":"WebPage","@id":"https:\/\/www.boostic.cloud\/es\/cookies-2\/","url":"https:\/\/www.boostic.cloud\/es\/cookies-2\/","name":"Pol\u00edtica de cookies | Boostic","isPartOf":{"@id":"https:\/\/www.boostic.cloud\/es\/#website"},"datePublished":"2023-03-24T12:35:12+00:00","dateModified":"2023-08-07T10:29:55+00:00","breadcrumb":{"@id":"https:\/\/www.boostic.cloud\/es\/cookies-2\/#breadcrumb"},"inLanguage":"es","potentialAction":[{"@type":"ReadAction","target":["https:\/\/www.boostic.cloud\/es\/cookies-2\/"]}]},{"@type":"BreadcrumbList","@id":"https:\/\/www.boostic.cloud\/es\/cookies-2\/#breadcrumb","itemListElement":[{"@type":"ListItem","position":1,"name":"Inicio","item":"https:\/\/www.boostic.cloud\/es\/"},{"@type":"ListItem","position":2,"name":"Pol\u00edtica de cookies"}]},{"@type":"WebSite","@id":"https:\/\/www.boostic.cloud\/es\/#website","url":"https:\/\/www.boostic.cloud\/es\/","name":"Boostic.cloud","description":"","publisher":{"@id":"https:\/\/www.boostic.cloud\/es\/#organization"},"alternateName":"Boostic","potentialAction":[{"@type":"SearchAction","target":{"@type":"EntryPoint","urlTemplate":"https:\/\/www.boostic.cloud\/es\/?s={search_term_string}"},"query-input":{"@type":"PropertyValueSpecification","valueRequired":true,"valueName":"search_term_string"}}],"inLanguage":"es"},{"@type":"Organization","@id":"https:\/\/www.boostic.cloud\/es\/#organization","name":"Boostic.cloud","alternateName":"Boostic","url":"https:\/\/www.boostic.cloud\/es\/","logo":{"@type":"ImageObject","inLanguage":"es","@id":"https:\/\/www.boostic.cloud\/es\/#\/schema\/logo\/image\/","url":"https:\/\/www.boostic.cloud\/wp-content\/uploads\/2025\/01\/logo-boosticCloud.png","contentUrl":"https:\/\/www.boostic.cloud\/wp-content\/uploads\/2025\/01\/logo-boosticCloud.png","width":1920,"height":333,"caption":"Boostic.cloud"},"image":{"@id":"https:\/\/www.boostic.cloud\/es\/#\/schema\/logo\/image\/"}}]}},"_links":{"self":[{"href":"https:\/\/www.boostic.cloud\/es\/wp-json\/wp\/v2\/pages\/10558","targetHints":{"allow":["GET"]}}],"collection":[{"href":"https:\/\/www.boostic.cloud\/es\/wp-json\/wp\/v2\/pages"}],"about":[{"href":"https:\/\/www.boostic.cloud\/es\/wp-json\/wp\/v2\/types\/page"}],"author":[{"embeddable":true,"href":"https:\/\/www.boostic.cloud\/es\/wp-json\/wp\/v2\/users\/1"}],"replies":[{"embeddable":true,"href":"https:\/\/www.boostic.cloud\/es\/wp-json\/wp\/v2\/comments?post=10558"}],"version-history":[{"count":13,"href":"https:\/\/www.boostic.cloud\/es\/wp-json\/wp\/v2\/pages\/10558\/revisions"}],"predecessor-version":[{"id":10779,"href":"https:\/\/www.boostic.cloud\/es\/wp-json\/wp\/v2\/pages\/10558\/revisions\/10779"}],"wp:attachment":[{"href":"https:\/\/www.boostic.cloud\/es\/wp-json\/wp\/v2\/media?parent=10558"}],"curies":[{"name":"wp","href":"https:\/\/api.w.org\/{rel}","templated":true}]}}