{"id":10855,"date":"2023-11-28T09:17:55","date_gmt":"2023-11-28T09:17:55","guid":{"rendered":"https:\/\/boostic.des2.net\/?page_id=10855"},"modified":"2026-01-07T15:58:45","modified_gmt":"2026-01-07T15:58:45","slug":"documentacion","status":"publish","type":"page","link":"https:\/\/www.boostic.cloud\/es\/documentacion\/","title":{"rendered":"Documentaci\u00f3n"},"content":{"rendered":"","protected":false},"excerpt":{"rendered":"","protected":false},"author":1,"featured_media":0,"parent":0,"menu_order":0,"comment_status":"closed","ping_status":"closed","template":"archive-docs.php","meta":{"_acf_changed":false,"footnotes":""},"class_list":["post-10855","page","type-page","status-publish","hentry"],"acf":[],"yoast_head":"<!-- This site is optimized with the Yoast SEO plugin v26.2 - https:\/\/yoast.com\/wordpress\/plugins\/seo\/ -->\n<title>Documentaci\u00f3n de Boostic.cloud | Documentos e informaci\u00f3n<\/title>\n<meta name=\"description\" content=\"Encuentra en la documentaci\u00f3n, las respuestas sobre el funcionamiento de Boostic.cloud, la herramienta de anal\u00edtica digital.\" \/>\n<meta name=\"robots\" content=\"index, follow, max-snippet:-1, max-image-preview:large, max-video-preview:-1\" \/>\n<link rel=\"canonical\" href=\"https:\/\/www.boostic.cloud\/es\/documentacion\/\" \/>\n<meta property=\"og:locale\" content=\"es_ES\" \/>\n<meta property=\"og:type\" content=\"article\" \/>\n<meta property=\"og:title\" content=\"Documentaci\u00f3n de Boostic.cloud | Documentos e informaci\u00f3n\" \/>\n<meta property=\"og:description\" content=\"Encuentra en la documentaci\u00f3n, las respuestas sobre el funcionamiento de Boostic.cloud, la herramienta de anal\u00edtica digital.\" \/>\n<meta property=\"og:url\" content=\"https:\/\/www.boostic.cloud\/es\/documentacion\/\" \/>\n<meta property=\"og:site_name\" content=\"Boostic\" \/>\n<meta property=\"article:modified_time\" content=\"2026-01-07T15:58:45+00:00\" \/>\n<meta property=\"og:image\" content=\"https:\/\/www.boostic.cloud\/wp-content\/uploads\/2025\/01\/logo-boosticCloud.png\" \/>\n\t<meta property=\"og:image:width\" content=\"1920\" \/>\n\t<meta property=\"og:image:height\" content=\"333\" \/>\n\t<meta property=\"og:image:type\" content=\"image\/png\" \/>\n<meta name=\"twitter:card\" content=\"summary_large_image\" \/>\n<script type=\"application\/ld+json\" class=\"yoast-schema-graph\">{\"@context\":\"https:\/\/schema.org\",\"@graph\":[{\"@type\":\"WebPage\",\"@id\":\"https:\/\/www.boostic.cloud\/es\/documentacion\/\",\"url\":\"https:\/\/www.boostic.cloud\/es\/documentacion\/\",\"name\":\"Documentaci\u00f3n de Boostic.cloud | Documentos e informaci\u00f3n\",\"isPartOf\":{\"@id\":\"https:\/\/www.boostic.cloud\/es\/#website\"},\"datePublished\":\"2023-11-28T09:17:55+00:00\",\"dateModified\":\"2026-01-07T15:58:45+00:00\",\"description\":\"Encuentra en la documentaci\u00f3n, las respuestas sobre el funcionamiento de Boostic.cloud, la herramienta de anal\u00edtica digital.\",\"breadcrumb\":{\"@id\":\"https:\/\/www.boostic.cloud\/es\/documentacion\/#breadcrumb\"},\"inLanguage\":\"es\",\"potentialAction\":[{\"@type\":\"ReadAction\",\"target\":[\"https:\/\/www.boostic.cloud\/es\/documentacion\/\"]}]},{\"@type\":\"BreadcrumbList\",\"@id\":\"https:\/\/www.boostic.cloud\/es\/documentacion\/#breadcrumb\",\"itemListElement\":[{\"@type\":\"ListItem\",\"position\":1,\"name\":\"Inicio\",\"item\":\"https:\/\/www.boostic.cloud\/es\/\"},{\"@type\":\"ListItem\",\"position\":2,\"name\":\"Documentaci\u00f3n\"}]},{\"@type\":\"WebSite\",\"@id\":\"https:\/\/www.boostic.cloud\/es\/#website\",\"url\":\"https:\/\/www.boostic.cloud\/es\/\",\"name\":\"Boostic.cloud\",\"description\":\"\",\"publisher\":{\"@id\":\"https:\/\/www.boostic.cloud\/es\/#organization\"},\"alternateName\":\"Boostic\",\"potentialAction\":[{\"@type\":\"SearchAction\",\"target\":{\"@type\":\"EntryPoint\",\"urlTemplate\":\"https:\/\/www.boostic.cloud\/es\/?s={search_term_string}\"},\"query-input\":{\"@type\":\"PropertyValueSpecification\",\"valueRequired\":true,\"valueName\":\"search_term_string\"}}],\"inLanguage\":\"es\"},{\"@type\":\"Organization\",\"@id\":\"https:\/\/www.boostic.cloud\/es\/#organization\",\"name\":\"Boostic.cloud\",\"alternateName\":\"Boostic\",\"url\":\"https:\/\/www.boostic.cloud\/es\/\",\"logo\":{\"@type\":\"ImageObject\",\"inLanguage\":\"es\",\"@id\":\"https:\/\/www.boostic.cloud\/es\/#\/schema\/logo\/image\/\",\"url\":\"https:\/\/www.boostic.cloud\/wp-content\/uploads\/2025\/01\/logo-boosticCloud.png\",\"contentUrl\":\"https:\/\/www.boostic.cloud\/wp-content\/uploads\/2025\/01\/logo-boosticCloud.png\",\"width\":1920,\"height\":333,\"caption\":\"Boostic.cloud\"},\"image\":{\"@id\":\"https:\/\/www.boostic.cloud\/es\/#\/schema\/logo\/image\/\"}}]}<\/script>\n<!-- \/ Yoast SEO plugin. -->","yoast_head_json":{"title":"Documentaci\u00f3n de Boostic.cloud | Documentos e informaci\u00f3n","description":"Encuentra en la documentaci\u00f3n, las respuestas sobre el funcionamiento de Boostic.cloud, la herramienta de anal\u00edtica digital.","robots":{"index":"index","follow":"follow","max-snippet":"max-snippet:-1","max-image-preview":"max-image-preview:large","max-video-preview":"max-video-preview:-1"},"canonical":"https:\/\/www.boostic.cloud\/es\/documentacion\/","og_locale":"es_ES","og_type":"article","og_title":"Documentaci\u00f3n de Boostic.cloud | Documentos e informaci\u00f3n","og_description":"Encuentra en la documentaci\u00f3n, las respuestas sobre el funcionamiento de Boostic.cloud, la herramienta de anal\u00edtica digital.","og_url":"https:\/\/www.boostic.cloud\/es\/documentacion\/","og_site_name":"Boostic","article_modified_time":"2026-01-07T15:58:45+00:00","og_image":[{"width":1920,"height":333,"url":"https:\/\/www.boostic.cloud\/wp-content\/uploads\/2025\/01\/logo-boosticCloud.png","type":"image\/png"}],"twitter_card":"summary_large_image","schema":{"@context":"https:\/\/schema.org","@graph":[{"@type":"WebPage","@id":"https:\/\/www.boostic.cloud\/es\/documentacion\/","url":"https:\/\/www.boostic.cloud\/es\/documentacion\/","name":"Documentaci\u00f3n de Boostic.cloud | Documentos e informaci\u00f3n","isPartOf":{"@id":"https:\/\/www.boostic.cloud\/es\/#website"},"datePublished":"2023-11-28T09:17:55+00:00","dateModified":"2026-01-07T15:58:45+00:00","description":"Encuentra en la documentaci\u00f3n, las respuestas sobre el funcionamiento de Boostic.cloud, la herramienta de anal\u00edtica digital.","breadcrumb":{"@id":"https:\/\/www.boostic.cloud\/es\/documentacion\/#breadcrumb"},"inLanguage":"es","potentialAction":[{"@type":"ReadAction","target":["https:\/\/www.boostic.cloud\/es\/documentacion\/"]}]},{"@type":"BreadcrumbList","@id":"https:\/\/www.boostic.cloud\/es\/documentacion\/#breadcrumb","itemListElement":[{"@type":"ListItem","position":1,"name":"Inicio","item":"https:\/\/www.boostic.cloud\/es\/"},{"@type":"ListItem","position":2,"name":"Documentaci\u00f3n"}]},{"@type":"WebSite","@id":"https:\/\/www.boostic.cloud\/es\/#website","url":"https:\/\/www.boostic.cloud\/es\/","name":"Boostic.cloud","description":"","publisher":{"@id":"https:\/\/www.boostic.cloud\/es\/#organization"},"alternateName":"Boostic","potentialAction":[{"@type":"SearchAction","target":{"@type":"EntryPoint","urlTemplate":"https:\/\/www.boostic.cloud\/es\/?s={search_term_string}"},"query-input":{"@type":"PropertyValueSpecification","valueRequired":true,"valueName":"search_term_string"}}],"inLanguage":"es"},{"@type":"Organization","@id":"https:\/\/www.boostic.cloud\/es\/#organization","name":"Boostic.cloud","alternateName":"Boostic","url":"https:\/\/www.boostic.cloud\/es\/","logo":{"@type":"ImageObject","inLanguage":"es","@id":"https:\/\/www.boostic.cloud\/es\/#\/schema\/logo\/image\/","url":"https:\/\/www.boostic.cloud\/wp-content\/uploads\/2025\/01\/logo-boosticCloud.png","contentUrl":"https:\/\/www.boostic.cloud\/wp-content\/uploads\/2025\/01\/logo-boosticCloud.png","width":1920,"height":333,"caption":"Boostic.cloud"},"image":{"@id":"https:\/\/www.boostic.cloud\/es\/#\/schema\/logo\/image\/"}}]}},"_links":{"self":[{"href":"https:\/\/www.boostic.cloud\/es\/wp-json\/wp\/v2\/pages\/10855","targetHints":{"allow":["GET"]}}],"collection":[{"href":"https:\/\/www.boostic.cloud\/es\/wp-json\/wp\/v2\/pages"}],"about":[{"href":"https:\/\/www.boostic.cloud\/es\/wp-json\/wp\/v2\/types\/page"}],"author":[{"embeddable":true,"href":"https:\/\/www.boostic.cloud\/es\/wp-json\/wp\/v2\/users\/1"}],"replies":[{"embeddable":true,"href":"https:\/\/www.boostic.cloud\/es\/wp-json\/wp\/v2\/comments?post=10855"}],"version-history":[{"count":15,"href":"https:\/\/www.boostic.cloud\/es\/wp-json\/wp\/v2\/pages\/10855\/revisions"}],"predecessor-version":[{"id":11779,"href":"https:\/\/www.boostic.cloud\/es\/wp-json\/wp\/v2\/pages\/10855\/revisions\/11779"}],"wp:attachment":[{"href":"https:\/\/www.boostic.cloud\/es\/wp-json\/wp\/v2\/media?parent=10855"}],"curies":[{"name":"wp","href":"https:\/\/api.w.org\/{rel}","templated":true}]}}